{"id":6692,"date":"2025-11-10T13:27:32","date_gmt":"2025-11-10T12:27:32","guid":{"rendered":"https:\/\/zyrobond.com\/?page_id=6692"},"modified":"2025-11-10T13:27:32","modified_gmt":"2025-11-10T12:27:32","slug":"edelstahl-spezialprodukte-fuer-industrie-und-handwerk-kleber-schmiermittel-zyrobond","status":"publish","type":"page","link":"https:\/\/zyrobond.com\/de\/edelstahl-spezialprodukte-fuer-industrie-und-handwerk-kleber-schmiermittel-zyrobond\/","title":{"rendered":"Edelstahl Spezial"},"content":{"rendered":"<div class=\"fusion-fullwidth fullwidth-box fusion-builder-row-1 nonhundred-percent-fullwidth non-hundred-percent-height-scrolling\" style=\"--awb-border-radius-top-left:0px;--awb-border-radius-top-right:0px;--awb-border-radius-bottom-right:0px;--awb-border-radius-bottom-left:0px;--awb-flex-wrap:wrap;\" ><div class=\"fusion-builder-row fusion-row\"><div class=\"fusion-layout-column fusion_builder_column fusion-builder-column-0 fusion_builder_column_1_1 1_1 fusion-one-full fusion-column-first fusion-column-last\" style=\"--awb-bg-size:cover;\"><div class=\"fusion-column-wrapper fusion-flex-column-wrapper-legacy\"><div class=\"fusion-title title fusion-title-1 sep-underline sep-dotted fusion-title-center fusion-title-text fusion-title-size-one\" style=\"--awb-sep-color:#e85d1e;\"><h1 class=\"fusion-title-heading title-heading-center fusion-responsive-typography-calculated\" style=\"margin:0;--fontSize:34;line-height:1.4;\"><h1>Edelstahl Spezial \u2013 Klebstoffe &amp; Schmiermittel speziell f\u00fcr Edelstahl | Zyrobond<\/h1><\/h1><\/div><div class=\"fusion-text fusion-text-1\"><h3>Edelstahl Spezial \u2013 Hochleistungsprodukte f\u00fcr Industrie, Handwerk und Maschinenbau<\/h3>\n<p>In unserer Rubrik <strong>\u201eEdelstahl Spezial\u201c<\/strong> finden Sie hochwertige <strong>Spezialprodukte f\u00fcr die professionelle Verarbeitung, Pflege und Wartung von Edelstahl<\/strong>. Ob <strong>Kleber, Schmiermittel, Reiniger oder Schutzbeschichtungen<\/strong> \u2013 alle Produkte sind optimal auf die Anforderungen von <strong>Industrie, Handwerk und Maschinenbau<\/strong> abgestimmt.<\/p>\n<p>Unsere L\u00f6sungen sorgen f\u00fcr <strong>zuverl\u00e4ssige Verbindungen, saubere Oberfl\u00e4chen und langanhaltenden Korrosionsschutz<\/strong>. Manche Produkte sind zudem <strong>NSF-zertifiziert<\/strong> und damit <strong>f\u00fcr den Einsatz in lebensmittelverarbeitenden Bereichen<\/strong> geeignet \u2013 ideal f\u00fcr Betriebe mit h\u00f6chsten <strong>Hygiene- und Sicherheitsstandards<\/strong>.<\/p>\n<p>Mit \u201eEdelstahl Spezial\u201c profitieren Sie von <strong>effizienten, materialschonenden und wirtschaftlichen L\u00f6sungen<\/strong>, die Ihre <strong>Produktivit\u00e4t steigern und die Lebensdauer Ihrer Anlagen verl\u00e4ngern<\/strong>.<\/p>\n<p><strong>Entdecken Sie unser Sortiment an professionellen Edelstahl-Produkten \u2013 speziell entwickelt f\u00fcr h\u00f6chste Anspr\u00fcche in Industrie, Handwerk und Maschinenbau.<\/strong><\/p>\n<\/div><style type=\"text\/css\">.fusion-portfolio-wrapper#fusion-portfolio-1 .fusion-portfolio-content{ padding: 25px 25px 25px 25px; text-align: left; }<\/style><div class=\"fusion-recent-works fusion-portfolio-element fusion-portfolio fusion-portfolio-1 fusion-portfolio-grid fusion-portfolio-paging-pagination fusion-portfolio-four fusion-portfolio-boxed fusion-portfolio-text fusion-portfolio-equal-heights fusion-portfolio-rollover\" data-id=\"-rw-1\" data-columns=\"four\"><style type=\"text\/css\">.fusion-portfolio-1 .fusion-portfolio-wrapper .fusion-col-spacing{padding:20px;}<\/style><div class=\"fusion-portfolio-wrapper\" id=\"fusion-portfolio-1\" data-picturesize=\"auto\" data-pages=\"1\" style=\"margin:-20px;\"><article id=\"portfolio-1-post-6763\" class=\"fusion-portfolio-post edelstahl-spezial fusion-col-spacing post-6763\"><div class=\"fusion-portfolio-content-wrapper\" style=\"border:1px solid #ebeaea;border-bottom-width:3px;background-color:rgba(255,255,255,0);\"><div  class=\"fusion-image-wrapper\" aria-haspopup=\"true\">\n\t\t\t\t<img decoding=\"async\" width=\"496\" height=\"662\" src=\"https:\/\/zyrobond.com\/wp-content\/uploads\/2018\/09\/HTS-Paste-Seite-38-hoch.jpg\" class=\"attachment-full size-full wp-post-image\" alt=\"\" srcset=\"https:\/\/zyrobond.com\/wp-content\/uploads\/2018\/09\/HTS-Paste-Seite-38-hoch-200x267.jpg 200w, https:\/\/zyrobond.com\/wp-content\/uploads\/2018\/09\/HTS-Paste-Seite-38-hoch-400x534.jpg 400w, https:\/\/zyrobond.com\/wp-content\/uploads\/2018\/09\/HTS-Paste-Seite-38-hoch.jpg 496w\" sizes=\"(min-width: 2200px) 100vw, (min-width: 856px) 308px, (min-width: 784px) 410px, (min-width: 712px) 615px, (min-width: 640px) 712px, \" \/><div class=\"fusion-rollover\">\n\t<div class=\"fusion-rollover-content\">\n\n\t\t\t\t\t\t\t\t\t\t\t\t\t\t<a class=\"fusion-rollover-link\" href=\"https:\/\/zyrobond.com\/de\/portfolio-items\/hts-paste-hochtemperatur-industrie\/\">HTS Paste<\/a>\n\t\t\t\n\t\t\t\t\t\t\t\t\t\t\t\t\t\t\n\t\t\t\t\t\t\t\t\n\t\t\t\t\t\t\t\t\t\t\t\t\t<div class=\"fusion-rollover-sep\"><\/div>\n\t\t\t\t\n\t\t\t\t\t\t\t\t\t\t\t\t\t\t\t\t\t\t<a class=\"fusion-rollover-gallery\" href=\"https:\/\/zyrobond.com\/wp-content\/uploads\/2018\/09\/HTS-Paste-Seite-38-hoch.jpg\" data-options=\"\" data-id=\"6763\" data-rel=\"iLightbox[gallery-rw-1]\" data-title=\"HTS-Paste-Seite-38-hoch\" data-caption=\"\">\n\t\t\t\t\t\tGallerie\t\t\t\t\t<\/a>\n\t\t\t\t\t\t\t\t\t\t\t\t\t\t\n\t\t\n\t\t\t\t\t\t\t\t\t\t\t\t<h4 class=\"fusion-rollover-title\">\n\t\t\t\t\t<a class=\"fusion-rollover-title-link\" href=\"https:\/\/zyrobond.com\/de\/portfolio-items\/hts-paste-hochtemperatur-industrie\/\">\n\t\t\t\t\t\tHTS Paste\t\t\t\t\t<\/a>\n\t\t\t\t<\/h4>\n\t\t\t\n\t\t\t\t\t\t\t\t\t\t<div class=\"fusion-rollover-categories\"><a href=\"https:\/\/zyrobond.com\/de\/portfolio_category\/edelstahl-spezial\/\" rel=\"tag\">Edelstahl-Spezial<\/a><\/div>\t\t\t\t\t\n\t\t\n\t\t\t\t\t\t<a class=\"fusion-link-wrapper\" href=\"https:\/\/zyrobond.com\/de\/portfolio-items\/hts-paste-hochtemperatur-industrie\/\" aria-label=\"HTS Paste\"><\/a>\n\t<\/div>\n<\/div>\n<\/div>\n<div class=\"fusion-portfolio-content\" style=\"background-color:rgba(255,255,255,0);\"><h2 class=\"fusion-post-title\"><a href=\"https:\/\/zyrobond.com\/de\/portfolio-items\/hts-paste-hochtemperatur-industrie\/\">HTS Paste<\/a><\/h2><div class=\"fusion-post-content\"><\/div><\/div><\/div><\/article><article id=\"portfolio-1-post-6756\" class=\"fusion-portfolio-post edelstahl-spezial fusion-col-spacing post-6756\"><div class=\"fusion-portfolio-content-wrapper\" style=\"border:1px solid #ebeaea;border-bottom-width:3px;background-color:rgba(255,255,255,0);\"><div  class=\"fusion-image-wrapper\" aria-haspopup=\"true\">\n\t\t\t\t<img decoding=\"async\" width=\"1417\" height=\"1890\" src=\"https:\/\/zyrobond.com\/wp-content\/uploads\/2018\/09\/Inox-Gard.jpg\" class=\"attachment-full size-full wp-post-image\" alt=\"INOX GARD\u00ae Montagepaste f\u00fcr Edelstahl \u2013 Dose 500\u202fg &amp; Pen\" srcset=\"https:\/\/zyrobond.com\/wp-content\/uploads\/2018\/09\/Inox-Gard-200x267.jpg 200w, https:\/\/zyrobond.com\/wp-content\/uploads\/2018\/09\/Inox-Gard-400x534.jpg 400w, https:\/\/zyrobond.com\/wp-content\/uploads\/2018\/09\/Inox-Gard-600x800.jpg 600w, https:\/\/zyrobond.com\/wp-content\/uploads\/2018\/09\/Inox-Gard-800x1067.jpg 800w, https:\/\/zyrobond.com\/wp-content\/uploads\/2018\/09\/Inox-Gard-1200x1601.jpg 1200w, https:\/\/zyrobond.com\/wp-content\/uploads\/2018\/09\/Inox-Gard.jpg 1417w\" sizes=\"(min-width: 2200px) 100vw, (min-width: 856px) 308px, (min-width: 784px) 410px, (min-width: 712px) 615px, (min-width: 640px) 712px, \" \/><div class=\"fusion-rollover\">\n\t<div class=\"fusion-rollover-content\">\n\n\t\t\t\t\t\t\t\t\t\t\t\t\t\t<a class=\"fusion-rollover-link\" href=\"https:\/\/zyrobond.com\/de\/portfolio-items\/inox-gard-edelstahl-korrosionsschutz\/\">INOX GARD\u00ae<\/a>\n\t\t\t\n\t\t\t\t\t\t\t\t\t\t\t\t\t\t\n\t\t\t\t\t\t\t\t\n\t\t\t\t\t\t\t\t\t\t\t\t\t<div class=\"fusion-rollover-sep\"><\/div>\n\t\t\t\t\n\t\t\t\t\t\t\t\t\t\t\t\t\t\t\t\t\t\t<a class=\"fusion-rollover-gallery\" href=\"https:\/\/zyrobond.com\/wp-content\/uploads\/2018\/09\/Inox-Gard.jpg\" data-options=\"\" data-id=\"6756\" data-rel=\"iLightbox[gallery-rw-1]\" data-title=\"Inox-Gard\" data-caption=\"\">\n\t\t\t\t\t\tGallerie\t\t\t\t\t<\/a>\n\t\t\t\t\t\t\t\t\t\t\t\t\t\t\n\t\t\n\t\t\t\t\t\t\t\t\t\t\t\t<h4 class=\"fusion-rollover-title\">\n\t\t\t\t\t<a class=\"fusion-rollover-title-link\" href=\"https:\/\/zyrobond.com\/de\/portfolio-items\/inox-gard-edelstahl-korrosionsschutz\/\">\n\t\t\t\t\t\tINOX GARD\u00ae\t\t\t\t\t<\/a>\n\t\t\t\t<\/h4>\n\t\t\t\n\t\t\t\t\t\t\t\t\t\t<div class=\"fusion-rollover-categories\"><a href=\"https:\/\/zyrobond.com\/de\/portfolio_category\/edelstahl-spezial\/\" rel=\"tag\">Edelstahl-Spezial<\/a><\/div>\t\t\t\t\t\n\t\t\n\t\t\t\t\t\t<a class=\"fusion-link-wrapper\" href=\"https:\/\/zyrobond.com\/de\/portfolio-items\/inox-gard-edelstahl-korrosionsschutz\/\" aria-label=\"INOX GARD\u00ae\"><\/a>\n\t<\/div>\n<\/div>\n<\/div>\n<div class=\"fusion-portfolio-content\" style=\"background-color:rgba(255,255,255,0);\"><h2 class=\"fusion-post-title\"><a href=\"https:\/\/zyrobond.com\/de\/portfolio-items\/inox-gard-edelstahl-korrosionsschutz\/\">INOX GARD\u00ae<\/a><\/h2><div class=\"fusion-post-content\"><\/div><\/div><\/div><\/article><article id=\"portfolio-1-post-6768\" class=\"fusion-portfolio-post edelstahl-spezial fusion-col-spacing post-6768\"><div class=\"fusion-portfolio-content-wrapper\" style=\"border:1px solid #ebeaea;border-bottom-width:3px;background-color:rgba(255,255,255,0);\"><div  class=\"fusion-image-wrapper\" aria-haspopup=\"true\">\n\t\t\t\t<img decoding=\"async\" width=\"1234\" height=\"2082\" src=\"https:\/\/zyrobond.com\/wp-content\/uploads\/2021\/09\/INOX-SEAL-50ml.jpg\" class=\"attachment-full size-full wp-post-image\" alt=\"\" srcset=\"https:\/\/zyrobond.com\/wp-content\/uploads\/2021\/09\/INOX-SEAL-50ml-200x337.jpg 200w, https:\/\/zyrobond.com\/wp-content\/uploads\/2021\/09\/INOX-SEAL-50ml-400x675.jpg 400w, https:\/\/zyrobond.com\/wp-content\/uploads\/2021\/09\/INOX-SEAL-50ml-600x1012.jpg 600w, https:\/\/zyrobond.com\/wp-content\/uploads\/2021\/09\/INOX-SEAL-50ml-800x1350.jpg 800w, https:\/\/zyrobond.com\/wp-content\/uploads\/2021\/09\/INOX-SEAL-50ml-1200x2025.jpg 1200w, https:\/\/zyrobond.com\/wp-content\/uploads\/2021\/09\/INOX-SEAL-50ml.jpg 1234w\" sizes=\"(min-width: 2200px) 100vw, (min-width: 856px) 308px, (min-width: 784px) 410px, (min-width: 712px) 615px, (min-width: 640px) 712px, \" \/><div class=\"fusion-rollover\">\n\t<div class=\"fusion-rollover-content\">\n\n\t\t\t\t\t\t\t\t\t\t\t\t\t\t<a class=\"fusion-rollover-link\" href=\"https:\/\/zyrobond.com\/de\/portfolio-items\/inox-seal-dichtmittel-edelstahl\/\">INOX SEAL\u00ae Edelstahlkleber<\/a>\n\t\t\t\n\t\t\t\t\t\t\t\t\t\t\t\t\t\t\n\t\t\t\t\t\t\t\t\n\t\t\t\t\t\t\t\t\t\t\t\t\t<div class=\"fusion-rollover-sep\"><\/div>\n\t\t\t\t\n\t\t\t\t\t\t\t\t\t\t\t\t\t\t\t\t\t\t<a class=\"fusion-rollover-gallery\" href=\"https:\/\/zyrobond.com\/wp-content\/uploads\/2021\/09\/INOX-SEAL-50ml.jpg\" data-options=\"\" data-id=\"6768\" data-rel=\"iLightbox[gallery-rw-1]\" data-title=\"INOX SEAL 50ml\" data-caption=\"\">\n\t\t\t\t\t\tGallerie\t\t\t\t\t<\/a>\n\t\t\t\t\t\t\t\t\t\t\t\t\t\t\n\t\t\n\t\t\t\t\t\t\t\t\t\t\t\t<h4 class=\"fusion-rollover-title\">\n\t\t\t\t\t<a class=\"fusion-rollover-title-link\" href=\"https:\/\/zyrobond.com\/de\/portfolio-items\/inox-seal-dichtmittel-edelstahl\/\">\n\t\t\t\t\t\tINOX SEAL\u00ae Edelstahlkleber\t\t\t\t\t<\/a>\n\t\t\t\t<\/h4>\n\t\t\t\n\t\t\t\t\t\t\t\t\t\t<div class=\"fusion-rollover-categories\"><a href=\"https:\/\/zyrobond.com\/de\/portfolio_category\/edelstahl-spezial\/\" rel=\"tag\">Edelstahl-Spezial<\/a><\/div>\t\t\t\t\t\n\t\t\n\t\t\t\t\t\t<a class=\"fusion-link-wrapper\" href=\"https:\/\/zyrobond.com\/de\/portfolio-items\/inox-seal-dichtmittel-edelstahl\/\" aria-label=\"INOX SEAL\u00ae Edelstahlkleber\"><\/a>\n\t<\/div>\n<\/div>\n<\/div>\n<div class=\"fusion-portfolio-content\" style=\"background-color:rgba(255,255,255,0);\"><h2 class=\"fusion-post-title\"><a href=\"https:\/\/zyrobond.com\/de\/portfolio-items\/inox-seal-dichtmittel-edelstahl\/\">INOX SEAL\u00ae Edelstahlkleber<\/a><\/h2><div class=\"fusion-post-content\"><\/div><\/div><\/div><\/article><article id=\"portfolio-1-post-330\" class=\"fusion-portfolio-post 2k-de edelstahl-spezial fusion-col-spacing post-330\"><div class=\"fusion-portfolio-content-wrapper\" style=\"border:1px solid #ebeaea;border-bottom-width:3px;background-color:rgba(255,255,255,0);\"><div  class=\"fusion-image-wrapper\" aria-haspopup=\"true\">\n\t\t\t\t<img decoding=\"async\" width=\"1286\" height=\"2000\" src=\"https:\/\/zyrobond.com\/wp-content\/uploads\/2018\/09\/MMA-7295-pink-gruen-2000.jpg\" class=\"attachment-full size-full wp-post-image\" alt=\"\" srcset=\"https:\/\/zyrobond.com\/wp-content\/uploads\/2018\/09\/MMA-7295-pink-gruen-2000-200x311.jpg 200w, https:\/\/zyrobond.com\/wp-content\/uploads\/2018\/09\/MMA-7295-pink-gruen-2000-400x622.jpg 400w, https:\/\/zyrobond.com\/wp-content\/uploads\/2018\/09\/MMA-7295-pink-gruen-2000-600x933.jpg 600w, https:\/\/zyrobond.com\/wp-content\/uploads\/2018\/09\/MMA-7295-pink-gruen-2000-800x1244.jpg 800w, https:\/\/zyrobond.com\/wp-content\/uploads\/2018\/09\/MMA-7295-pink-gruen-2000-1200x1866.jpg 1200w, https:\/\/zyrobond.com\/wp-content\/uploads\/2018\/09\/MMA-7295-pink-gruen-2000.jpg 1286w\" sizes=\"(min-width: 2200px) 100vw, (min-width: 856px) 308px, (min-width: 784px) 410px, (min-width: 712px) 615px, (min-width: 640px) 712px, \" \/><div class=\"fusion-rollover\">\n\t<div class=\"fusion-rollover-content\">\n\n\t\t\t\t\t\t\t\t\t\t\t\t\t\t<a class=\"fusion-rollover-link\" href=\"https:\/\/zyrobond.com\/de\/portfolio-items\/methacrylat-klebstoff-mma-7295\/\">Methacrylat-Klebstoff MMA 7295<\/a>\n\t\t\t\n\t\t\t\t\t\t\t\t\t\t\t\t\t\t\n\t\t\t\t\t\t\t\t\n\t\t\t\t\t\t\t\t\t\t\t\t\t<div class=\"fusion-rollover-sep\"><\/div>\n\t\t\t\t\n\t\t\t\t\t\t\t\t\t\t\t\t\t\t\t\t\t\t<a class=\"fusion-rollover-gallery\" href=\"https:\/\/zyrobond.com\/wp-content\/uploads\/2018\/09\/MMA-7295-pink-gruen-2000.jpg\" data-options=\"\" data-id=\"330\" data-rel=\"iLightbox[gallery-rw-1]\" data-title=\"MMA-7295-pink-gruen-2000\" data-caption=\"\">\n\t\t\t\t\t\tGallerie\t\t\t\t\t<\/a>\n\t\t\t\t\t\t\t\t\t\t\t\t\t\t\n\t\t\n\t\t\t\t\t\t\t\t\t\t\t\t<h4 class=\"fusion-rollover-title\">\n\t\t\t\t\t<a class=\"fusion-rollover-title-link\" href=\"https:\/\/zyrobond.com\/de\/portfolio-items\/methacrylat-klebstoff-mma-7295\/\">\n\t\t\t\t\t\tMethacrylat-Klebstoff MMA 7295\t\t\t\t\t<\/a>\n\t\t\t\t<\/h4>\n\t\t\t\n\t\t\t\t\t\t\t\t\t\t<div class=\"fusion-rollover-categories\"><a href=\"https:\/\/zyrobond.com\/de\/portfolio_category\/2k-de\/\" rel=\"tag\">2K-de<\/a>, <a href=\"https:\/\/zyrobond.com\/de\/portfolio_category\/edelstahl-spezial\/\" rel=\"tag\">Edelstahl-Spezial<\/a><\/div>\t\t\t\t\t\n\t\t\n\t\t\t\t\t\t<a class=\"fusion-link-wrapper\" href=\"https:\/\/zyrobond.com\/de\/portfolio-items\/methacrylat-klebstoff-mma-7295\/\" aria-label=\"Methacrylat-Klebstoff MMA 7295\"><\/a>\n\t<\/div>\n<\/div>\n<\/div>\n<div class=\"fusion-portfolio-content\" style=\"background-color:rgba(255,255,255,0);\"><h2 class=\"fusion-post-title\"><a href=\"https:\/\/zyrobond.com\/de\/portfolio-items\/methacrylat-klebstoff-mma-7295\/\">Methacrylat-Klebstoff MMA 7295<\/a><\/h2><div class=\"fusion-post-content\"><\/div><\/div><\/div><\/article><\/div><\/div><div class=\"fusion-clearfix\"><\/div><\/div><\/div><\/div><\/div>\n","protected":false},"excerpt":{"rendered":"","protected":false},"author":2,"featured_media":0,"parent":0,"menu_order":0,"comment_status":"closed","ping_status":"closed","template":"","meta":{"footnotes":""},"class_list":["post-6692","page","type-page","status-publish","hentry"],"yoast_head":"<!-- This site is optimized with the Yoast SEO Premium plugin v26.7 (Yoast SEO v26.9) - https:\/\/yoast.com\/product\/yoast-seo-premium-wordpress\/ -->\n<title>Edelstahl Spezial - Zyrobond<\/title>\n<meta name=\"description\" content=\"Entdecken Sie Edelstahl Spezialprodukte f\u00fcr Industrie, Handwerk &amp; Maschinenbau \u2013 inklusive NSF-zertifizierter Schmiermittel.\" \/>\n<meta name=\"robots\" content=\"index, follow, max-snippet:-1, max-image-preview:large, max-video-preview:-1\" \/>\n<link rel=\"canonical\" href=\"https:\/\/zyrobond.com\/de\/edelstahl-spezialprodukte-fuer-industrie-und-handwerk-kleber-schmiermittel-zyrobond\/\" \/>\n<meta property=\"og:locale\" content=\"de_DE\" \/>\n<meta property=\"og:type\" content=\"article\" \/>\n<meta property=\"og:title\" content=\"Edelstahl Spezial\" \/>\n<meta property=\"og:description\" content=\"Entdecken Sie Edelstahl Spezialprodukte f\u00fcr Industrie, Handwerk &amp; Maschinenbau \u2013 inklusive NSF-zertifizierter Schmiermittel.\" \/>\n<meta property=\"og:url\" content=\"https:\/\/zyrobond.com\/de\/edelstahl-spezialprodukte-fuer-industrie-und-handwerk-kleber-schmiermittel-zyrobond\/\" \/>\n<meta property=\"og:site_name\" content=\"Zyrobond\" \/>\n<meta name=\"twitter:card\" content=\"summary_large_image\" \/>\n<meta name=\"twitter:label1\" content=\"Gesch\u00e4tzte Lesezeit\" \/>\n\t<meta name=\"twitter:data1\" content=\"2\u00a0Minuten\" \/>\n<script type=\"application\/ld+json\" class=\"yoast-schema-graph\">{\"@context\":\"https:\/\/schema.org\",\"@graph\":[{\"@type\":\"WebPage\",\"@id\":\"https:\/\/zyrobond.com\/de\/edelstahl-spezialprodukte-fuer-industrie-und-handwerk-kleber-schmiermittel-zyrobond\/\",\"url\":\"https:\/\/zyrobond.com\/de\/edelstahl-spezialprodukte-fuer-industrie-und-handwerk-kleber-schmiermittel-zyrobond\/\",\"name\":\"Edelstahl Spezial - Zyrobond\",\"isPartOf\":{\"@id\":\"https:\/\/zyrobond.com\/de\/#website\"},\"datePublished\":\"2025-11-10T12:27:32+00:00\",\"description\":\"Entdecken Sie Edelstahl Spezialprodukte f\u00fcr Industrie, Handwerk & Maschinenbau \u2013 inklusive NSF-zertifizierter Schmiermittel.\",\"breadcrumb\":{\"@id\":\"https:\/\/zyrobond.com\/de\/edelstahl-spezialprodukte-fuer-industrie-und-handwerk-kleber-schmiermittel-zyrobond\/#breadcrumb\"},\"inLanguage\":\"de\",\"potentialAction\":[{\"@type\":\"ReadAction\",\"target\":[\"https:\/\/zyrobond.com\/de\/edelstahl-spezialprodukte-fuer-industrie-und-handwerk-kleber-schmiermittel-zyrobond\/\"]}]},{\"@type\":\"BreadcrumbList\",\"@id\":\"https:\/\/zyrobond.com\/de\/edelstahl-spezialprodukte-fuer-industrie-und-handwerk-kleber-schmiermittel-zyrobond\/#breadcrumb\",\"itemListElement\":[{\"@type\":\"ListItem\",\"position\":1,\"name\":\"Startseite\",\"item\":\"https:\/\/zyrobond.com\/de\/\"},{\"@type\":\"ListItem\",\"position\":2,\"name\":\"Edelstahl Spezial\"}]},{\"@type\":\"WebSite\",\"@id\":\"https:\/\/zyrobond.com\/de\/#website\",\"url\":\"https:\/\/zyrobond.com\/de\/\",\"name\":\"Zyrobond\",\"description\":\"HIGH PERFORMANCE INDUSTRIAL PRODUCTS\",\"potentialAction\":[{\"@type\":\"SearchAction\",\"target\":{\"@type\":\"EntryPoint\",\"urlTemplate\":\"https:\/\/zyrobond.com\/de\/?s={search_term_string}\"},\"query-input\":{\"@type\":\"PropertyValueSpecification\",\"valueRequired\":true,\"valueName\":\"search_term_string\"}}],\"inLanguage\":\"de\"}]}<\/script>\n<!-- \/ Yoast SEO Premium plugin. -->","yoast_head_json":{"title":"Edelstahl Spezial - Zyrobond","description":"Entdecken Sie Edelstahl Spezialprodukte f\u00fcr Industrie, Handwerk & Maschinenbau \u2013 inklusive NSF-zertifizierter Schmiermittel.","robots":{"index":"index","follow":"follow","max-snippet":"max-snippet:-1","max-image-preview":"max-image-preview:large","max-video-preview":"max-video-preview:-1"},"canonical":"https:\/\/zyrobond.com\/de\/edelstahl-spezialprodukte-fuer-industrie-und-handwerk-kleber-schmiermittel-zyrobond\/","og_locale":"de_DE","og_type":"article","og_title":"Edelstahl Spezial","og_description":"Entdecken Sie Edelstahl Spezialprodukte f\u00fcr Industrie, Handwerk & Maschinenbau \u2013 inklusive NSF-zertifizierter Schmiermittel.","og_url":"https:\/\/zyrobond.com\/de\/edelstahl-spezialprodukte-fuer-industrie-und-handwerk-kleber-schmiermittel-zyrobond\/","og_site_name":"Zyrobond","twitter_card":"summary_large_image","twitter_misc":{"Gesch\u00e4tzte Lesezeit":"2\u00a0Minuten"},"schema":{"@context":"https:\/\/schema.org","@graph":[{"@type":"WebPage","@id":"https:\/\/zyrobond.com\/de\/edelstahl-spezialprodukte-fuer-industrie-und-handwerk-kleber-schmiermittel-zyrobond\/","url":"https:\/\/zyrobond.com\/de\/edelstahl-spezialprodukte-fuer-industrie-und-handwerk-kleber-schmiermittel-zyrobond\/","name":"Edelstahl Spezial - Zyrobond","isPartOf":{"@id":"https:\/\/zyrobond.com\/de\/#website"},"datePublished":"2025-11-10T12:27:32+00:00","description":"Entdecken Sie Edelstahl Spezialprodukte f\u00fcr Industrie, Handwerk & Maschinenbau \u2013 inklusive NSF-zertifizierter Schmiermittel.","breadcrumb":{"@id":"https:\/\/zyrobond.com\/de\/edelstahl-spezialprodukte-fuer-industrie-und-handwerk-kleber-schmiermittel-zyrobond\/#breadcrumb"},"inLanguage":"de","potentialAction":[{"@type":"ReadAction","target":["https:\/\/zyrobond.com\/de\/edelstahl-spezialprodukte-fuer-industrie-und-handwerk-kleber-schmiermittel-zyrobond\/"]}]},{"@type":"BreadcrumbList","@id":"https:\/\/zyrobond.com\/de\/edelstahl-spezialprodukte-fuer-industrie-und-handwerk-kleber-schmiermittel-zyrobond\/#breadcrumb","itemListElement":[{"@type":"ListItem","position":1,"name":"Startseite","item":"https:\/\/zyrobond.com\/de\/"},{"@type":"ListItem","position":2,"name":"Edelstahl Spezial"}]},{"@type":"WebSite","@id":"https:\/\/zyrobond.com\/de\/#website","url":"https:\/\/zyrobond.com\/de\/","name":"Zyrobond","description":"HIGH PERFORMANCE INDUSTRIAL PRODUCTS","potentialAction":[{"@type":"SearchAction","target":{"@type":"EntryPoint","urlTemplate":"https:\/\/zyrobond.com\/de\/?s={search_term_string}"},"query-input":{"@type":"PropertyValueSpecification","valueRequired":true,"valueName":"search_term_string"}}],"inLanguage":"de"}]}},"_links":{"self":[{"href":"https:\/\/zyrobond.com\/de\/wp-json\/wp\/v2\/pages\/6692","targetHints":{"allow":["GET"]}}],"collection":[{"href":"https:\/\/zyrobond.com\/de\/wp-json\/wp\/v2\/pages"}],"about":[{"href":"https:\/\/zyrobond.com\/de\/wp-json\/wp\/v2\/types\/page"}],"author":[{"embeddable":true,"href":"https:\/\/zyrobond.com\/de\/wp-json\/wp\/v2\/users\/2"}],"replies":[{"embeddable":true,"href":"https:\/\/zyrobond.com\/de\/wp-json\/wp\/v2\/comments?post=6692"}],"version-history":[{"count":12,"href":"https:\/\/zyrobond.com\/de\/wp-json\/wp\/v2\/pages\/6692\/revisions"}],"predecessor-version":[{"id":6704,"href":"https:\/\/zyrobond.com\/de\/wp-json\/wp\/v2\/pages\/6692\/revisions\/6704"}],"wp:attachment":[{"href":"https:\/\/zyrobond.com\/de\/wp-json\/wp\/v2\/media?parent=6692"}],"curies":[{"name":"wp","href":"https:\/\/api.w.org\/{rel}","templated":true}]}}