{"id":6705,"date":"2025-11-10T14:19:49","date_gmt":"2025-11-10T13:19:49","guid":{"rendered":"https:\/\/zyrobond.com\/?page_id=6705"},"modified":"2026-02-23T11:30:10","modified_gmt":"2026-02-23T10:30:10","slug":"faqs","status":"publish","type":"page","link":"https:\/\/zyrobond.com\/de\/faqs\/","title":{"rendered":"FAQs"},"content":{"rendered":"<div class=\"fusion-fullwidth fullwidth-box fusion-builder-row-1 fusion-flex-container has-pattern-background has-mask-background nonhundred-percent-fullwidth non-hundred-percent-height-scrolling\" style=\"--awb-border-radius-top-left:0px;--awb-border-radius-top-right:0px;--awb-border-radius-bottom-right:0px;--awb-border-radius-bottom-left:0px;--awb-flex-wrap:wrap;\" ><div class=\"fusion-builder-row fusion-row fusion-flex-align-items-flex-start fusion-flex-content-wrap\" style=\"max-width:1404px;margin-left: calc(-4% \/ 2 );margin-right: calc(-4% \/ 2 );\"><div class=\"fusion-layout-column fusion_builder_column fusion-builder-column-0 fusion_builder_column_1_1 1_1 fusion-flex-column\" style=\"--awb-bg-size:cover;--awb-width-large:100%;--awb-margin-top-large:0px;--awb-spacing-right-large:1.92%;--awb-margin-bottom-large:20px;--awb-spacing-left-large:1.92%;--awb-width-medium:100%;--awb-order-medium:0;--awb-spacing-right-medium:1.92%;--awb-spacing-left-medium:1.92%;--awb-width-small:100%;--awb-order-small:0;--awb-spacing-right-small:1.92%;--awb-spacing-left-small:1.92%;\"><div class=\"fusion-column-wrapper fusion-column-has-shadow fusion-flex-justify-content-flex-start fusion-content-layout-column\"><style type=\"text\/css\">.fusion-faqs-wrapper #accordian-1 .fusion-panel { border-color:#e0dede; }.fusion-faqs-wrapper #accordian-1 .fusion-panel:hover{ border-color: #e0dede; }.fusion-accordian #accordian-1 .panel-title a .fa-fusion-box:before{ font-size: 13px;width: 13px;}.fusion-accordian #accordian-1 .panel-title a .fa-fusion-box{ color: #ffffff;}.fusion-accordian  #accordian-1 .panel-title a{font-family:\"PT Sans\";font-style:normal;font-weight:400;}.fusion-accordian  #accordian-1 .panel-title a:not(:hover){}.fusion-accordian  #accordian-1 .toggle-content{font-family:\"PT Sans\";font-style:normal;font-weight:400;}.fusion-accordian #accordian-1 .fa-fusion-box { background-color: #333333 !important;border-color: #333333 !important;}.fusion-accordian #accordian-1 .panel-title a:hover,.fusion-accordian #accordian-1 .panel-title a.hover { color: #a0ce4e;}.fusion-faq-shortcode .fusion-accordian #accordian-1 .fusion-toggle-boxed-mode:hover .panel-title a { color: #a0ce4e;}.fusion-accordian #accordian-1 .panel-title .active .fa-fusion-box,.fusion-accordian #accordian-1 .panel-title a:hover .fa-fusion-box,.fusion-accordian #accordian-1 .panel-title a.hover .fa-fusion-box { background-color: #a0ce4e!important;border-color: #a0ce4e!important;}<\/style><div class=\"fusion-faq-shortcode\" style=\"\"><ul role=\"menu\" class=\"fusion-filters clearfix\"><li role=\"presentation\" class=\"fusion-filter fusion-filter-all fusion-active\"><a role=\"menuitem\" data-filter=\"*\" href=\"#\">Alle<\/a><\/li><li role=\"presentation\" class=\"fusion-filter fusion-hidden\"><a role=\"menuitem\" data-filter=\".faqs-hts-paste\" href=\"#\">FAQs HTS Paste<\/a><\/li><li role=\"presentation\" class=\"fusion-filter fusion-hidden\"><a role=\"menuitem\" data-filter=\".faqs-inox-gard\" href=\"#\">FAQs Inox Gard<\/a><\/li><li role=\"presentation\" class=\"fusion-filter fusion-hidden\"><a role=\"menuitem\" data-filter=\".faqs-inox-seal\" href=\"#\">FAQs Inox Seal<\/a><\/li><\/ul><div class=\"fusion-faqs-wrapper\"><div class=\"accordian fusion-accordian\"><div class=\"panel-group \" id=\"accordian-1\"><div class=\"fusion-panel panel-default fusion-faq-post fusion-faq-post-6749 faqs-inox-gard \"><div class=\"panel-heading\"><h4 id=\"faq_1-6749\" class=\"panel-title toggle\"><a data-toggle=\"collapse\" class=\"collapsed\" data-parent=\"#accordian-1\" data-target=\"#collapse-1-6749\" href=\"#collapse-1-6749\" aria-expanded=\"false\"><div class=\"fusion-toggle-icon-wrapper\"><div class=\"fusion-toggle-icon-wrapper-main\"><div class=\"fusion-toggle-icon-wrapper-sub\"><i class=\"fa-fusion-box active-icon awb-icon-minus\" aria-hidden=\"true\"><\/i><i class=\"fa-fusion-box inactive-icon awb-icon-plus\" aria-hidden=\"true\"><\/i><\/div><\/div><\/div><div class=\"fusion-toggle-heading\">Wie sch\u00fctzt Inox Gard Edelstahl-Gewinde?<\/div><\/a><\/h4><\/div><div id=\"collapse-1-6749\" aria-labelledby=\"faq_1-6749\" class=\"panel-collapse collapse\"><div class=\"panel-body toggle-content post-content\"><p>Die Paste wirkt als Anti-Seize-Schicht, reduziert Reibung und verhindert Korrosion durch aggressive Medien. Inox Gard verhindert auch das Kaltschwei\u00dfen von Edelstahl-Verbindungen.<\/p>\n<\/div><\/div><\/div><div class=\"fusion-panel panel-default fusion-faq-post fusion-faq-post-6747 faqs-hts-paste \"><div class=\"panel-heading\"><h4 id=\"faq_1-6747\" class=\"panel-title toggle\"><a data-toggle=\"collapse\" class=\"collapsed\" data-parent=\"#accordian-1\" data-target=\"#collapse-1-6747\" href=\"#collapse-1-6747\" aria-expanded=\"false\"><div class=\"fusion-toggle-icon-wrapper\"><div class=\"fusion-toggle-icon-wrapper-main\"><div class=\"fusion-toggle-icon-wrapper-sub\"><i class=\"fa-fusion-box active-icon awb-icon-minus\" aria-hidden=\"true\"><\/i><i class=\"fa-fusion-box inactive-icon awb-icon-plus\" aria-hidden=\"true\"><\/i><\/div><\/div><\/div><div class=\"fusion-toggle-heading\">Ist HTS Paste H1-zertifiziert?<\/div><\/a><\/h4><\/div><div id=\"collapse-1-6747\" aria-labelledby=\"faq_1-6747\" class=\"panel-collapse collapse\"><div class=\"panel-body toggle-content post-content\"><p>Ja, HTS Paste ist H1-zertifiziert und kann in lebensmittelverarbeitenden Betrieben eingesetzt werden.<\/p>\n<\/div><\/div><\/div><div class=\"fusion-panel panel-default fusion-faq-post fusion-faq-post-6745 faqs-hts-paste \"><div class=\"panel-heading\"><h4 id=\"faq_1-6745\" class=\"panel-title toggle\"><a data-toggle=\"collapse\" class=\"collapsed\" data-parent=\"#accordian-1\" data-target=\"#collapse-1-6745\" href=\"#collapse-1-6745\" aria-expanded=\"false\"><div class=\"fusion-toggle-icon-wrapper\"><div class=\"fusion-toggle-icon-wrapper-main\"><div class=\"fusion-toggle-icon-wrapper-sub\"><i class=\"fa-fusion-box active-icon awb-icon-minus\" aria-hidden=\"true\"><\/i><i class=\"fa-fusion-box inactive-icon awb-icon-plus\" aria-hidden=\"true\"><\/i><\/div><\/div><\/div><div class=\"fusion-toggle-heading\">Kann HTS Paste auch im Hochtemperaturbereich eingesetzt werden?<\/div><\/a><\/h4><\/div><div id=\"collapse-1-6745\" aria-labelledby=\"faq_1-6745\" class=\"panel-collapse collapse\"><div class=\"panel-body toggle-content post-content\"><p>Ja, sie ist temperaturbest\u00e4ndig von -40 \u00b0C bis +1200 \u00b0C und eignet sich f\u00fcr viele technische Anwendungen.<\/p>\n<\/div><\/div><\/div><div class=\"fusion-panel panel-default fusion-faq-post fusion-faq-post-6743 faqs-hts-paste \"><div class=\"panel-heading\"><h4 id=\"faq_1-6743\" class=\"panel-title toggle\"><a data-toggle=\"collapse\" class=\"collapsed\" data-parent=\"#accordian-1\" data-target=\"#collapse-1-6743\" href=\"#collapse-1-6743\" aria-expanded=\"false\"><div class=\"fusion-toggle-icon-wrapper\"><div class=\"fusion-toggle-icon-wrapper-main\"><div class=\"fusion-toggle-icon-wrapper-sub\"><i class=\"fa-fusion-box active-icon awb-icon-minus\" aria-hidden=\"true\"><\/i><i class=\"fa-fusion-box inactive-icon awb-icon-plus\" aria-hidden=\"true\"><\/i><\/div><\/div><\/div><div class=\"fusion-toggle-heading\">Wof\u00fcr eignet sich HTS Paste in der Praxis?<\/div><\/a><\/h4><\/div><div id=\"collapse-1-6743\" aria-labelledby=\"faq_1-6743\" class=\"panel-collapse collapse\"><div class=\"panel-body toggle-content post-content\"><p>Sie wird u. a. f\u00fcr Dichtungen, O-Ringe, Dichtlippen, F\u00fchrungen, Armaturen und Schl\u00e4uche verwendet.<\/p>\n<\/div><\/div><\/div><div class=\"fusion-panel panel-default fusion-faq-post fusion-faq-post-6740 faqs-hts-paste \"><div class=\"panel-heading\"><h4 id=\"faq_1-6740\" class=\"panel-title toggle\"><a data-toggle=\"collapse\" class=\"collapsed\" data-parent=\"#accordian-1\" data-target=\"#collapse-1-6740\" href=\"#collapse-1-6740\" aria-expanded=\"false\"><div class=\"fusion-toggle-icon-wrapper\"><div class=\"fusion-toggle-icon-wrapper-main\"><div class=\"fusion-toggle-icon-wrapper-sub\"><i class=\"fa-fusion-box active-icon awb-icon-minus\" aria-hidden=\"true\"><\/i><i class=\"fa-fusion-box inactive-icon awb-icon-plus\" aria-hidden=\"true\"><\/i><\/div><\/div><\/div><div class=\"fusion-toggle-heading\">Welche besonderen Eigenschaften hat HTS Paste?<\/div><\/a><\/h4><\/div><div id=\"collapse-1-6740\" aria-labelledby=\"faq_1-6740\" class=\"panel-collapse collapse\"><div class=\"panel-body toggle-content post-content\"><p>Die Paste ist antistatisch, hydrophob und sch\u00fctzt Materialien vor Austrocknung, Alterung und Verschlei\u00df.<\/p>\n<\/div><\/div><\/div><div class=\"fusion-panel panel-default fusion-faq-post fusion-faq-post-6738 faqs-hts-paste \"><div class=\"panel-heading\"><h4 id=\"faq_1-6738\" class=\"panel-title toggle\"><a data-toggle=\"collapse\" class=\"collapsed\" data-parent=\"#accordian-1\" data-target=\"#collapse-1-6738\" href=\"#collapse-1-6738\" aria-expanded=\"false\"><div class=\"fusion-toggle-icon-wrapper\"><div class=\"fusion-toggle-icon-wrapper-main\"><div class=\"fusion-toggle-icon-wrapper-sub\"><i class=\"fa-fusion-box active-icon awb-icon-minus\" aria-hidden=\"true\"><\/i><i class=\"fa-fusion-box inactive-icon awb-icon-plus\" aria-hidden=\"true\"><\/i><\/div><\/div><\/div><div class=\"fusion-toggle-heading\">Was ist HTS Paste?<\/div><\/a><\/h4><\/div><div id=\"collapse-1-6738\" aria-labelledby=\"faq_1-6738\" class=\"panel-collapse collapse\"><div class=\"panel-body toggle-content post-content\"><p>HTS Paste ist eine lebensmittelechte Silikonpaste zur Schmierung und Pflege von Gummi, Kunststoff und Metall.<\/p>\n<\/div><\/div><\/div><div class=\"fusion-panel panel-default fusion-faq-post fusion-faq-post-6736 faqs-inox-seal \"><div class=\"panel-heading\"><h4 id=\"faq_1-6736\" class=\"panel-title toggle\"><a data-toggle=\"collapse\" class=\"collapsed\" data-parent=\"#accordian-1\" data-target=\"#collapse-1-6736\" href=\"#collapse-1-6736\" aria-expanded=\"false\"><div class=\"fusion-toggle-icon-wrapper\"><div class=\"fusion-toggle-icon-wrapper-main\"><div class=\"fusion-toggle-icon-wrapper-sub\"><i class=\"fa-fusion-box active-icon awb-icon-minus\" aria-hidden=\"true\"><\/i><i class=\"fa-fusion-box inactive-icon awb-icon-plus\" aria-hidden=\"true\"><\/i><\/div><\/div><\/div><div class=\"fusion-toggle-heading\">Wo wird Inox Seal typischerweise eingesetzt?<\/div><\/a><\/h4><\/div><div id=\"collapse-1-6736\" aria-labelledby=\"faq_1-6736\" class=\"panel-collapse collapse\"><div class=\"panel-body toggle-content post-content\"><p>Inox Seal wird in der Lebensmitteltechnik, im Sanit\u00e4rbereich, in der Chemie- und Verfahrenstechnik sowie im allgemeinen Maschinenbau genutzt.<\/p>\n<\/div><\/div><\/div><div class=\"fusion-panel panel-default fusion-faq-post fusion-faq-post-6734 faqs-inox-seal \"><div class=\"panel-heading\"><h4 id=\"faq_1-6734\" class=\"panel-title toggle\"><a data-toggle=\"collapse\" class=\"collapsed\" data-parent=\"#accordian-1\" data-target=\"#collapse-1-6734\" href=\"#collapse-1-6734\" aria-expanded=\"false\"><div class=\"fusion-toggle-icon-wrapper\"><div class=\"fusion-toggle-icon-wrapper-main\"><div class=\"fusion-toggle-icon-wrapper-sub\"><i class=\"fa-fusion-box active-icon awb-icon-minus\" aria-hidden=\"true\"><\/i><i class=\"fa-fusion-box inactive-icon awb-icon-plus\" aria-hidden=\"true\"><\/i><\/div><\/div><\/div><div class=\"fusion-toggle-heading\">Ist Inox Seal lebensmittelsicher?<\/div><\/a><\/h4><\/div><div id=\"collapse-1-6734\" aria-labelledby=\"faq_1-6734\" class=\"panel-collapse collapse\"><div class=\"panel-body toggle-content post-content\"><p>Ja, Inox Seal erf\u00fcllt H1-Standards und ist damit auch f\u00fcr sensible Anwendungen in der Lebensmittelindustrie einsetzbar.<\/p>\n<\/div><\/div><\/div><div class=\"fusion-panel panel-default fusion-faq-post fusion-faq-post-6732 faqs-inox-seal \"><div class=\"panel-heading\"><h4 id=\"faq_1-6732\" class=\"panel-title toggle\"><a data-toggle=\"collapse\" class=\"collapsed\" data-parent=\"#accordian-1\" data-target=\"#collapse-1-6732\" href=\"#collapse-1-6732\" aria-expanded=\"false\"><div class=\"fusion-toggle-icon-wrapper\"><div class=\"fusion-toggle-icon-wrapper-main\"><div class=\"fusion-toggle-icon-wrapper-sub\"><i class=\"fa-fusion-box active-icon awb-icon-minus\" aria-hidden=\"true\"><\/i><i class=\"fa-fusion-box inactive-icon awb-icon-plus\" aria-hidden=\"true\"><\/i><\/div><\/div><\/div><div class=\"fusion-toggle-heading\">Welche Medien vertr\u00e4gt Inox Seal?<\/div><\/a><\/h4><\/div><div id=\"collapse-1-6732\" aria-labelledby=\"faq_1-6732\" class=\"panel-collapse collapse\"><div class=\"panel-body toggle-content post-content\"><p>Das Produkt ist best\u00e4ndig gegen viele Chemikalien, \u00d6le und Gase und eignet sich f\u00fcr den industriellen Einsatz.<\/p>\n<\/div><\/div><\/div><div class=\"fusion-panel panel-default fusion-faq-post fusion-faq-post-6730 faqs-inox-seal \"><div class=\"panel-heading\"><h4 id=\"faq_1-6730\" class=\"panel-title toggle\"><a data-toggle=\"collapse\" class=\"collapsed\" data-parent=\"#accordian-1\" data-target=\"#collapse-1-6730\" href=\"#collapse-1-6730\" aria-expanded=\"false\"><div class=\"fusion-toggle-icon-wrapper\"><div class=\"fusion-toggle-icon-wrapper-main\"><div class=\"fusion-toggle-icon-wrapper-sub\"><i class=\"fa-fusion-box active-icon awb-icon-minus\" aria-hidden=\"true\"><\/i><i class=\"fa-fusion-box inactive-icon awb-icon-plus\" aria-hidden=\"true\"><\/i><\/div><\/div><\/div><div class=\"fusion-toggle-heading\">Ist Inox Seal besser als Schwei\u00dfen oder Schrauben?<\/div><\/a><\/h4><\/div><div id=\"collapse-1-6730\" aria-labelledby=\"faq_1-6730\" class=\"panel-collapse collapse\"><div class=\"panel-body toggle-content post-content\"><p>Inox Seal spart Zeit und Materialkosten, wenn Bauteile zuverl\u00e4ssig geklebt oder abgedichtet werden sollen, ohne Schwei\u00dfen oder aufwendige Montage.<\/p>\n<\/div><\/div><\/div><div class=\"fusion-panel panel-default fusion-faq-post fusion-faq-post-6728 faqs-inox-seal \"><div class=\"panel-heading\"><h4 id=\"faq_1-6728\" class=\"panel-title toggle\"><a data-toggle=\"collapse\" class=\"collapsed\" data-parent=\"#accordian-1\" data-target=\"#collapse-1-6728\" href=\"#collapse-1-6728\" aria-expanded=\"false\"><div class=\"fusion-toggle-icon-wrapper\"><div class=\"fusion-toggle-icon-wrapper-main\"><div class=\"fusion-toggle-icon-wrapper-sub\"><i class=\"fa-fusion-box active-icon awb-icon-minus\" aria-hidden=\"true\"><\/i><i class=\"fa-fusion-box inactive-icon awb-icon-plus\" aria-hidden=\"true\"><\/i><\/div><\/div><\/div><div class=\"fusion-toggle-heading\">Was ist Inox Seal?<\/div><\/a><\/h4><\/div><div id=\"collapse-1-6728\" aria-labelledby=\"faq_1-6728\" class=\"panel-collapse collapse\"><div class=\"panel-body toggle-content post-content\"><p>Inox Seal ist ein Edelstahlkleber und Dichtmittel f\u00fcr Fittings, Gewinde und Bauteile mit hoher chemischer Best\u00e4ndigkeit.<\/p>\n<\/div><\/div><\/div><div class=\"fusion-panel panel-default fusion-faq-post fusion-faq-post-6725 faqs-inox-gard \"><div class=\"panel-heading\"><h4 id=\"faq_1-6725\" class=\"panel-title toggle\"><a data-toggle=\"collapse\" class=\"collapsed\" data-parent=\"#accordian-1\" data-target=\"#collapse-1-6725\" href=\"#collapse-1-6725\" aria-expanded=\"false\"><div class=\"fusion-toggle-icon-wrapper\"><div class=\"fusion-toggle-icon-wrapper-main\"><div class=\"fusion-toggle-icon-wrapper-sub\"><i class=\"fa-fusion-box active-icon awb-icon-minus\" aria-hidden=\"true\"><\/i><i class=\"fa-fusion-box inactive-icon awb-icon-plus\" aria-hidden=\"true\"><\/i><\/div><\/div><\/div><div class=\"fusion-toggle-heading\">Wo kann Inox Gard eingesetzt werden?<\/div><\/a><\/h4><\/div><div id=\"collapse-1-6725\" aria-labelledby=\"faq_1-6725\" class=\"panel-collapse collapse\"><div class=\"panel-body toggle-content post-content\"><p>Typische Einsatzbereiche sind Lebensmittelindustrie, Chemieanlagen, Maschinenbau, Sanit\u00e4rtechnik und Edelstahlmontagen.<\/p>\n<\/div><\/div><\/div><div class=\"fusion-panel panel-default fusion-faq-post fusion-faq-post-6723 faqs-inox-gard \"><div class=\"panel-heading\"><h4 id=\"faq_1-6723\" class=\"panel-title toggle\"><a data-toggle=\"collapse\" class=\"collapsed\" data-parent=\"#accordian-1\" data-target=\"#collapse-1-6723\" href=\"#collapse-1-6723\" aria-expanded=\"false\"><div class=\"fusion-toggle-icon-wrapper\"><div class=\"fusion-toggle-icon-wrapper-main\"><div class=\"fusion-toggle-icon-wrapper-sub\"><i class=\"fa-fusion-box active-icon awb-icon-minus\" aria-hidden=\"true\"><\/i><i class=\"fa-fusion-box inactive-icon awb-icon-plus\" aria-hidden=\"true\"><\/i><\/div><\/div><\/div><div class=\"fusion-toggle-heading\">Welche Temperaturbereiche deckt Inox Gard ab?<\/div><\/a><\/h4><\/div><div id=\"collapse-1-6723\" aria-labelledby=\"faq_1-6723\" class=\"panel-collapse collapse\"><div class=\"panel-body toggle-content post-content\"><p>Die Montagepaste ist hochtemperaturbest\u00e4ndig und wirkt zuverl\u00e4ssig von -30 \u00b0C bis +1400 \u00b0C.<\/p>\n<\/div><\/div><\/div><div class=\"fusion-panel panel-default fusion-faq-post fusion-faq-post-6721 faqs-inox-gard \"><div class=\"panel-heading\"><h4 id=\"faq_1-6721\" class=\"panel-title toggle\"><a data-toggle=\"collapse\" class=\"collapsed\" data-parent=\"#accordian-1\" data-target=\"#collapse-1-6721\" href=\"#collapse-1-6721\" aria-expanded=\"false\"><div class=\"fusion-toggle-icon-wrapper\"><div class=\"fusion-toggle-icon-wrapper-main\"><div class=\"fusion-toggle-icon-wrapper-sub\"><i class=\"fa-fusion-box active-icon awb-icon-minus\" aria-hidden=\"true\"><\/i><i class=\"fa-fusion-box inactive-icon awb-icon-plus\" aria-hidden=\"true\"><\/i><\/div><\/div><\/div><div class=\"fusion-toggle-heading\">Ist Inox Gard lebensmittelecht?<\/div><\/a><\/h4><\/div><div id=\"collapse-1-6721\" aria-labelledby=\"faq_1-6721\" class=\"panel-collapse collapse\"><div class=\"panel-body toggle-content post-content\"><p>Ja, Inox Gard ist H1-zertifiziert und somit f\u00fcr Anwendungen in der Lebensmittelindustrie zugelassen.<\/p>\n<\/div><\/div><\/div><div class=\"fusion-panel panel-default fusion-faq-post fusion-faq-post-6719 faqs-inox-gard \"><div class=\"panel-heading\"><h4 id=\"faq_1-6719\" class=\"panel-title toggle\"><a data-toggle=\"collapse\" class=\"collapsed\" data-parent=\"#accordian-1\" data-target=\"#collapse-1-6719\" href=\"#collapse-1-6719\" aria-expanded=\"false\"><div class=\"fusion-toggle-icon-wrapper\"><div class=\"fusion-toggle-icon-wrapper-main\"><div class=\"fusion-toggle-icon-wrapper-sub\"><i class=\"fa-fusion-box active-icon awb-icon-minus\" aria-hidden=\"true\"><\/i><i class=\"fa-fusion-box inactive-icon awb-icon-plus\" aria-hidden=\"true\"><\/i><\/div><\/div><\/div><div class=\"fusion-toggle-heading\">Wof\u00fcr wird Inox Gard Montagepaste eingesetzt?<\/div><\/a><\/h4><\/div><div id=\"collapse-1-6719\" aria-labelledby=\"faq_1-6719\" class=\"panel-collapse collapse\"><div class=\"panel-body toggle-content post-content\"><p>Inox Gard verhindert das Festfressen und die Korrosion von Edelstahl-Verbindungen. Sie eignet sich f\u00fcr Gewinde, Flansche, Schrauben und Fittings.<\/p>\n<\/div><\/div><\/div><\/div><\/div><\/div><\/div><\/div><\/div><\/div><\/div>\n","protected":false},"excerpt":{"rendered":"","protected":false},"author":2,"featured_media":0,"parent":0,"menu_order":0,"comment_status":"closed","ping_status":"closed","template":"","meta":{"footnotes":""},"class_list":["post-6705","page","type-page","status-publish","hentry"],"yoast_head":"<!-- This site is optimized with the Yoast SEO Premium plugin v26.7 (Yoast SEO v26.9) - https:\/\/yoast.com\/product\/yoast-seo-premium-wordpress\/ -->\n<title>FAQs - Zyrobond<\/title>\n<meta name=\"description\" content=\"FAQs Edelstahl-Spezial\" \/>\n<meta name=\"robots\" content=\"index, follow, max-snippet:-1, max-image-preview:large, max-video-preview:-1\" \/>\n<link rel=\"canonical\" href=\"https:\/\/zyrobond.com\/de\/faqs\/\" \/>\n<meta property=\"og:locale\" content=\"de_DE\" \/>\n<meta property=\"og:type\" content=\"article\" \/>\n<meta property=\"og:title\" content=\"FAQs\" \/>\n<meta property=\"og:description\" content=\"FAQs Edelstahl-Spezial\" \/>\n<meta property=\"og:url\" content=\"https:\/\/zyrobond.com\/de\/faqs\/\" \/>\n<meta property=\"og:site_name\" content=\"Zyrobond\" \/>\n<meta property=\"article:modified_time\" content=\"2026-02-23T10:30:10+00:00\" \/>\n<meta name=\"twitter:card\" content=\"summary_large_image\" \/>\n<meta name=\"twitter:label1\" content=\"Gesch\u00e4tzte Lesezeit\" \/>\n\t<meta name=\"twitter:data1\" content=\"2\u00a0Minuten\" \/>\n<script type=\"application\/ld+json\" class=\"yoast-schema-graph\">{\"@context\":\"https:\/\/schema.org\",\"@graph\":[{\"@type\":\"WebPage\",\"@id\":\"https:\/\/zyrobond.com\/de\/faqs\/\",\"url\":\"https:\/\/zyrobond.com\/de\/faqs\/\",\"name\":\"FAQs - Zyrobond\",\"isPartOf\":{\"@id\":\"https:\/\/zyrobond.com\/de\/#website\"},\"datePublished\":\"2025-11-10T13:19:49+00:00\",\"dateModified\":\"2026-02-23T10:30:10+00:00\",\"description\":\"FAQs Edelstahl-Spezial\",\"breadcrumb\":{\"@id\":\"https:\/\/zyrobond.com\/de\/faqs\/#breadcrumb\"},\"inLanguage\":\"de\",\"potentialAction\":[{\"@type\":\"ReadAction\",\"target\":[\"https:\/\/zyrobond.com\/de\/faqs\/\"]}]},{\"@type\":\"BreadcrumbList\",\"@id\":\"https:\/\/zyrobond.com\/de\/faqs\/#breadcrumb\",\"itemListElement\":[{\"@type\":\"ListItem\",\"position\":1,\"name\":\"Startseite\",\"item\":\"https:\/\/zyrobond.com\/de\/\"},{\"@type\":\"ListItem\",\"position\":2,\"name\":\"FAQs\"}]},{\"@type\":\"WebSite\",\"@id\":\"https:\/\/zyrobond.com\/de\/#website\",\"url\":\"https:\/\/zyrobond.com\/de\/\",\"name\":\"Zyrobond\",\"description\":\"HIGH PERFORMANCE INDUSTRIAL PRODUCTS\",\"potentialAction\":[{\"@type\":\"SearchAction\",\"target\":{\"@type\":\"EntryPoint\",\"urlTemplate\":\"https:\/\/zyrobond.com\/de\/?s={search_term_string}\"},\"query-input\":{\"@type\":\"PropertyValueSpecification\",\"valueRequired\":true,\"valueName\":\"search_term_string\"}}],\"inLanguage\":\"de\"}]}<\/script>\n<!-- \/ Yoast SEO Premium plugin. -->","yoast_head_json":{"title":"FAQs - Zyrobond","description":"FAQs Edelstahl-Spezial","robots":{"index":"index","follow":"follow","max-snippet":"max-snippet:-1","max-image-preview":"max-image-preview:large","max-video-preview":"max-video-preview:-1"},"canonical":"https:\/\/zyrobond.com\/de\/faqs\/","og_locale":"de_DE","og_type":"article","og_title":"FAQs","og_description":"FAQs Edelstahl-Spezial","og_url":"https:\/\/zyrobond.com\/de\/faqs\/","og_site_name":"Zyrobond","article_modified_time":"2026-02-23T10:30:10+00:00","twitter_card":"summary_large_image","twitter_misc":{"Gesch\u00e4tzte Lesezeit":"2\u00a0Minuten"},"schema":{"@context":"https:\/\/schema.org","@graph":[{"@type":"WebPage","@id":"https:\/\/zyrobond.com\/de\/faqs\/","url":"https:\/\/zyrobond.com\/de\/faqs\/","name":"FAQs - Zyrobond","isPartOf":{"@id":"https:\/\/zyrobond.com\/de\/#website"},"datePublished":"2025-11-10T13:19:49+00:00","dateModified":"2026-02-23T10:30:10+00:00","description":"FAQs Edelstahl-Spezial","breadcrumb":{"@id":"https:\/\/zyrobond.com\/de\/faqs\/#breadcrumb"},"inLanguage":"de","potentialAction":[{"@type":"ReadAction","target":["https:\/\/zyrobond.com\/de\/faqs\/"]}]},{"@type":"BreadcrumbList","@id":"https:\/\/zyrobond.com\/de\/faqs\/#breadcrumb","itemListElement":[{"@type":"ListItem","position":1,"name":"Startseite","item":"https:\/\/zyrobond.com\/de\/"},{"@type":"ListItem","position":2,"name":"FAQs"}]},{"@type":"WebSite","@id":"https:\/\/zyrobond.com\/de\/#website","url":"https:\/\/zyrobond.com\/de\/","name":"Zyrobond","description":"HIGH PERFORMANCE INDUSTRIAL PRODUCTS","potentialAction":[{"@type":"SearchAction","target":{"@type":"EntryPoint","urlTemplate":"https:\/\/zyrobond.com\/de\/?s={search_term_string}"},"query-input":{"@type":"PropertyValueSpecification","valueRequired":true,"valueName":"search_term_string"}}],"inLanguage":"de"}]}},"_links":{"self":[{"href":"https:\/\/zyrobond.com\/de\/wp-json\/wp\/v2\/pages\/6705","targetHints":{"allow":["GET"]}}],"collection":[{"href":"https:\/\/zyrobond.com\/de\/wp-json\/wp\/v2\/pages"}],"about":[{"href":"https:\/\/zyrobond.com\/de\/wp-json\/wp\/v2\/types\/page"}],"author":[{"embeddable":true,"href":"https:\/\/zyrobond.com\/de\/wp-json\/wp\/v2\/users\/2"}],"replies":[{"embeddable":true,"href":"https:\/\/zyrobond.com\/de\/wp-json\/wp\/v2\/comments?post=6705"}],"version-history":[{"count":6,"href":"https:\/\/zyrobond.com\/de\/wp-json\/wp\/v2\/pages\/6705\/revisions"}],"predecessor-version":[{"id":6807,"href":"https:\/\/zyrobond.com\/de\/wp-json\/wp\/v2\/pages\/6705\/revisions\/6807"}],"wp:attachment":[{"href":"https:\/\/zyrobond.com\/de\/wp-json\/wp\/v2\/media?parent=6705"}],"curies":[{"name":"wp","href":"https:\/\/api.w.org\/{rel}","templated":true}]}}