{"id":8,"date":"2018-08-27T11:21:43","date_gmt":"2018-08-27T09:21:43","guid":{"rendered":"http:\/\/dev2.dzubiel-it.de\/?page_id=8"},"modified":"2022-06-08T09:02:52","modified_gmt":"2022-06-08T07:02:52","slug":"startseite","status":"publish","type":"page","link":"https:\/\/zyrobond.com\/de\/","title":{"rendered":"Startseite"},"content":{"rendered":"<div id=\"main\" class=\"fusion-container-anchor\"><div class=\"fusion-fullwidth fullwidth-box fusion-builder-row-1 nonhundred-percent-fullwidth non-hundred-percent-height-scrolling fusion-equal-height-columns\" style=\"--awb-border-radius-top-left:0px;--awb-border-radius-top-right:0px;--awb-border-radius-bottom-right:0px;--awb-border-radius-bottom-left:0px;--awb-padding-top:0px;--awb-padding-right:0px;--awb-padding-bottom:0px;--awb-padding-left:0px;--awb-margin-top:20px;--awb-margin-bottom:40px;--awb-flex-wrap:wrap;\" ><div class=\"fusion-builder-row fusion-row\"><div class=\"fusion-layout-column fusion_builder_column fusion-builder-column-0 fusion_builder_column_1_4 1_4 fusion-one-fourth fusion-column-first\" style=\"--awb-bg-size:cover;width:25%;width:calc(25% - ( ( 4% + 4% + 4% ) * 0.25 ) );margin-right: 4%;\"><div class=\"fusion-column-wrapper fusion-flex-column-wrapper-legacy\"><div class=\"fusion-title title fusion-title-1 fusion-sep-none fusion-title-text fusion-title-size-three nohtech3\"><h3 class=\"fusion-title-heading title-heading-left fusion-responsive-typography-calculated\" style=\"margin:0;--fontSize:22;--minFontSize:22;line-height:1.5;\"><span style=\"color: #e85513;\">Herstellung &amp; Vertrieb<\/span><\/h3><\/div><div class=\"fusion-image-element in-legacy-container\" style=\"--awb-bottom-shadow-color:rgba(0,0,0,0.4);--awb-caption-title-font-family:var(--h2_typography-font-family);--awb-caption-title-font-weight:var(--h2_typography-font-weight);--awb-caption-title-font-style:var(--h2_typography-font-style);--awb-caption-title-size:var(--h2_typography-font-size);--awb-caption-title-transform:var(--h2_typography-text-transform);--awb-caption-title-line-height:var(--h2_typography-line-height);--awb-caption-title-letter-spacing:var(--h2_typography-letter-spacing);\"><div class=\"awb-image-frame awb-image-frame-1 awb-bottomshadow\"><span class=\" fusion-imageframe imageframe-bottomshadow imageframe-1 hover-type-none\"><img decoding=\"async\" width=\"1688\" height=\"1125\" title=\"Karton im Versand\" src=\"https:\/\/zyrobond.com\/wp-content\/uploads\/2018\/10\/Fotolia_78076347_cnikbu.jpg\" alt class=\"img-responsive wp-image-1939\" srcset=\"https:\/\/zyrobond.com\/wp-content\/uploads\/2018\/10\/Fotolia_78076347_cnikbu-200x133.jpg 200w, https:\/\/zyrobond.com\/wp-content\/uploads\/2018\/10\/Fotolia_78076347_cnikbu-400x267.jpg 400w, https:\/\/zyrobond.com\/wp-content\/uploads\/2018\/10\/Fotolia_78076347_cnikbu-600x400.jpg 600w, https:\/\/zyrobond.com\/wp-content\/uploads\/2018\/10\/Fotolia_78076347_cnikbu-800x533.jpg 800w, https:\/\/zyrobond.com\/wp-content\/uploads\/2018\/10\/Fotolia_78076347_cnikbu-1200x800.jpg 1200w, https:\/\/zyrobond.com\/wp-content\/uploads\/2018\/10\/Fotolia_78076347_cnikbu.jpg 1688w\" sizes=\"(max-width: 800px) 100vw, 400px\" \/><\/span><svg xmlns=\"http:\/\/www.w3.org\/2000\/svg\" version=\"1.1\" width=\"100%\" viewBox=\"0 0 600 28\" preserveAspectRatio=\"none\"><g clip-path=\"url(#a)\"><mask id=\"b\" style=\"mask-type:luminance\" maskUnits=\"userSpaceOnUse\" x=\"0\" y=\"0\" width=\"600\" height=\"28\"><path d=\"M0 0h600v28H0V0Z\" fill=\"#fff\"\/><\/mask><g filter=\"url(#c)\" mask=\"url(#b)\"><path d=\"M16.439-18.667h567.123v30.8S438.961-8.4 300-8.4C161.04-8.4 16.438 12.133 16.438 12.133v-30.8Z\" fill=\"#000\"\/><\/g><\/g><defs><clipPath id=\"a\"><path fill=\"#fff\" d=\"M0 0h600v28H0z\"\/><\/clipPath><filter id=\"c\" x=\"5.438\" y=\"-29.667\" width=\"589.123\" height=\"52.8\" filterUnits=\"userSpaceOnUse\" color-interpolation-filters=\"sRGB\"><feFlood flood-opacity=\"0\" result=\"BackgroundImageFix\"\/><feBlend in=\"SourceGraphic\" in2=\"BackgroundImageFix\" result=\"shape\"\/><feGaussianBlur stdDeviation=\"5.5\" result=\"effect1_foregroundBlur_3983_183\"\/><\/filter><\/defs><\/svg><\/div><\/div><div class=\"fusion-text fusion-text-1 nohtec-text\"><p>Seit mehr als 20 Jahren liefert die Nohtec GmbH innovative, hochwertige Produkte europaweit. Nohtec bietet schnelle Lieferzeiten, \u00fcbersichtliche Abnahmemengen, ausf\u00fchrliche Produktinformationen, sowie Unterst\u00fctzung beim Verkauf oder bei Anwendungsproblemen.<\/p>\n<\/div><div class=\"fusion-clearfix\"><\/div><\/div><\/div><div class=\"fusion-layout-column fusion_builder_column fusion-builder-column-1 fusion_builder_column_1_4 1_4 fusion-one-fourth\" style=\"--awb-bg-size:cover;width:25%;width:calc(25% - ( ( 4% + 4% + 4% ) * 0.25 ) );margin-right: 4%;\"><div class=\"fusion-column-wrapper fusion-flex-column-wrapper-legacy\"><div class=\"fusion-title title fusion-title-2 fusion-sep-none fusion-title-text fusion-title-size-three nohtech3\"><h3 class=\"fusion-title-heading title-heading-left fusion-responsive-typography-calculated\" style=\"margin:0;--fontSize:22;--minFontSize:22;line-height:1.5;\">Produktsortiment<\/h3><\/div><div class=\"fusion-image-element in-legacy-container\" style=\"--awb-bottom-shadow-color:rgba(0,0,0,0.4);--awb-caption-title-font-family:var(--h2_typography-font-family);--awb-caption-title-font-weight:var(--h2_typography-font-weight);--awb-caption-title-font-style:var(--h2_typography-font-style);--awb-caption-title-size:var(--h2_typography-font-size);--awb-caption-title-transform:var(--h2_typography-text-transform);--awb-caption-title-line-height:var(--h2_typography-line-height);--awb-caption-title-letter-spacing:var(--h2_typography-letter-spacing);\"><div class=\"awb-image-frame awb-image-frame-2 awb-bottomshadow\"><span class=\" fusion-imageframe imageframe-bottomshadow imageframe-2 hover-type-none\"><img decoding=\"async\" width=\"2000\" height=\"1333\" title=\"Nohtec-Produktsortiment-6-4\" src=\"https:\/\/zyrobond.com\/wp-content\/uploads\/2018\/09\/Nohtec-Produktsortiment-6-4.jpg\" alt class=\"img-responsive wp-image-1925\" srcset=\"https:\/\/zyrobond.com\/wp-content\/uploads\/2018\/09\/Nohtec-Produktsortiment-6-4-200x133.jpg 200w, https:\/\/zyrobond.com\/wp-content\/uploads\/2018\/09\/Nohtec-Produktsortiment-6-4-400x267.jpg 400w, https:\/\/zyrobond.com\/wp-content\/uploads\/2018\/09\/Nohtec-Produktsortiment-6-4-600x400.jpg 600w, https:\/\/zyrobond.com\/wp-content\/uploads\/2018\/09\/Nohtec-Produktsortiment-6-4-800x533.jpg 800w, https:\/\/zyrobond.com\/wp-content\/uploads\/2018\/09\/Nohtec-Produktsortiment-6-4-1200x800.jpg 1200w, https:\/\/zyrobond.com\/wp-content\/uploads\/2018\/09\/Nohtec-Produktsortiment-6-4.jpg 2000w\" sizes=\"(max-width: 800px) 100vw, 400px\" \/><\/span><svg xmlns=\"http:\/\/www.w3.org\/2000\/svg\" version=\"1.1\" width=\"100%\" viewBox=\"0 0 600 28\" preserveAspectRatio=\"none\"><g clip-path=\"url(#a)\"><mask id=\"b\" style=\"mask-type:luminance\" maskUnits=\"userSpaceOnUse\" x=\"0\" y=\"0\" width=\"600\" height=\"28\"><path d=\"M0 0h600v28H0V0Z\" fill=\"#fff\"\/><\/mask><g filter=\"url(#c)\" mask=\"url(#b)\"><path d=\"M16.439-18.667h567.123v30.8S438.961-8.4 300-8.4C161.04-8.4 16.438 12.133 16.438 12.133v-30.8Z\" fill=\"#000\"\/><\/g><\/g><defs><clipPath id=\"a\"><path fill=\"#fff\" d=\"M0 0h600v28H0z\"\/><\/clipPath><filter id=\"c\" x=\"5.438\" y=\"-29.667\" width=\"589.123\" height=\"52.8\" filterUnits=\"userSpaceOnUse\" color-interpolation-filters=\"sRGB\"><feFlood flood-opacity=\"0\" result=\"BackgroundImageFix\"\/><feBlend in=\"SourceGraphic\" in2=\"BackgroundImageFix\" result=\"shape\"\/><feGaussianBlur stdDeviation=\"5.5\" result=\"effect1_foregroundBlur_3983_183\"\/><\/filter><\/defs><\/svg><\/div><\/div><div class=\"fusion-text fusion-text-2 nohtec-text\"><p>Nohtec liefert ein komplettes Sortiment an professionellen Reparatur- und Instandhaltungsprodukten f\u00fcr Handwerk und Industrie.<\/p>\n<p>Von unserem Sortiment k\u00f6nnen Sie sich einen \u00dcberblick verschaffen:<\/p>\n<div style=\"width: 100%; margin: 0 auto;\"><div class=\"BorlabsCookie _brlbs-cb-default\"><div class=\"_brlbs-content-blocker\"> <div class=\"_brlbs-default\"> <p>Klicken Sie auf den unteren Button, um den Inhalt von www.yumpu.com zu laden.<\/p> <p><a class=\"_brlbs-btn\" href=\"#\" data-borlabs-cookie-unblock role=\"button\">Inhalt laden<\/a><\/p> <\/div> <\/div><div class=\"borlabs-hide\" data-borlabs-cookie-type=\"content-blocker\" data-borlabs-cookie-id=\"default\"><script type=\"text\/template\">PGlmcmFtZSBzcmM9Imh0dHBzOi8vd3d3Lnl1bXB1LmNvbS9kZS9lbWJlZC92aWV3L0dzSEx6ZHZURVViTmpwZk8iIHdpZHRoPSIyMjBweCIgaGVpZ2h0PSI0NXB4IiBmcmFtZWJvcmRlcj0iMCIgYWxsb3dmdWxsc2NyZWVuPSJhbGxvd2Z1bGxzY3JlZW4iPjwvaWZyYW1lPg==<\/script><\/div><\/div><\/div>\n<\/div><div class=\"fusion-clearfix\"><\/div><\/div><\/div><div class=\"fusion-layout-column fusion_builder_column fusion-builder-column-2 fusion_builder_column_1_4 1_4 fusion-one-fourth\" style=\"--awb-bg-size:cover;width:25%;width:calc(25% - ( ( 4% + 4% + 4% ) * 0.25 ) );margin-right: 4%;\"><div class=\"fusion-column-wrapper fusion-flex-column-wrapper-legacy\"><div class=\"fusion-title title fusion-title-3 fusion-sep-none fusion-title-text fusion-title-size-three nohtech3\"><h3 class=\"fusion-title-heading title-heading-left fusion-responsive-typography-calculated\" style=\"margin:0;--fontSize:22;--minFontSize:22;line-height:1.5;\">Training<\/h3><\/div><div class=\"fusion-image-element in-legacy-container\" style=\"--awb-bottom-shadow-color:rgba(0,0,0,0.4);--awb-caption-title-font-family:var(--h2_typography-font-family);--awb-caption-title-font-weight:var(--h2_typography-font-weight);--awb-caption-title-font-style:var(--h2_typography-font-style);--awb-caption-title-size:var(--h2_typography-font-size);--awb-caption-title-transform:var(--h2_typography-text-transform);--awb-caption-title-line-height:var(--h2_typography-line-height);--awb-caption-title-letter-spacing:var(--h2_typography-letter-spacing);\"><div class=\"awb-image-frame awb-image-frame-3 awb-bottomshadow\"><span class=\" fusion-imageframe imageframe-bottomshadow imageframe-3 hover-type-none\"><img decoding=\"async\" width=\"1688\" height=\"1125\" title=\"Business presentation on corporate meeting.\" src=\"https:\/\/zyrobond.com\/wp-content\/uploads\/2018\/10\/Fotolia_101493059_ckasto.jpg\" alt class=\"img-responsive wp-image-1943\" srcset=\"https:\/\/zyrobond.com\/wp-content\/uploads\/2018\/10\/Fotolia_101493059_ckasto-200x133.jpg 200w, https:\/\/zyrobond.com\/wp-content\/uploads\/2018\/10\/Fotolia_101493059_ckasto-400x267.jpg 400w, https:\/\/zyrobond.com\/wp-content\/uploads\/2018\/10\/Fotolia_101493059_ckasto-600x400.jpg 600w, https:\/\/zyrobond.com\/wp-content\/uploads\/2018\/10\/Fotolia_101493059_ckasto-800x533.jpg 800w, https:\/\/zyrobond.com\/wp-content\/uploads\/2018\/10\/Fotolia_101493059_ckasto-1200x800.jpg 1200w, https:\/\/zyrobond.com\/wp-content\/uploads\/2018\/10\/Fotolia_101493059_ckasto.jpg 1688w\" sizes=\"(max-width: 800px) 100vw, 400px\" \/><\/span><svg xmlns=\"http:\/\/www.w3.org\/2000\/svg\" version=\"1.1\" width=\"100%\" viewBox=\"0 0 600 28\" preserveAspectRatio=\"none\"><g clip-path=\"url(#a)\"><mask id=\"b\" style=\"mask-type:luminance\" maskUnits=\"userSpaceOnUse\" x=\"0\" y=\"0\" width=\"600\" height=\"28\"><path d=\"M0 0h600v28H0V0Z\" fill=\"#fff\"\/><\/mask><g filter=\"url(#c)\" mask=\"url(#b)\"><path d=\"M16.439-18.667h567.123v30.8S438.961-8.4 300-8.4C161.04-8.4 16.438 12.133 16.438 12.133v-30.8Z\" fill=\"#000\"\/><\/g><\/g><defs><clipPath id=\"a\"><path fill=\"#fff\" d=\"M0 0h600v28H0z\"\/><\/clipPath><filter id=\"c\" x=\"5.438\" y=\"-29.667\" width=\"589.123\" height=\"52.8\" filterUnits=\"userSpaceOnUse\" color-interpolation-filters=\"sRGB\"><feFlood flood-opacity=\"0\" result=\"BackgroundImageFix\"\/><feBlend in=\"SourceGraphic\" in2=\"BackgroundImageFix\" result=\"shape\"\/><feGaussianBlur stdDeviation=\"5.5\" result=\"effect1_foregroundBlur_3983_183\"\/><\/filter><\/defs><\/svg><\/div><\/div><div class=\"fusion-text fusion-text-3 nohtec-text\"><p>Nohtec bietet Produkttrainings oder Vorf\u00fchrungen f\u00fcr Sie und Ihre Mitarbeiter an? Gerne auch bei Ihnen vor Ort.<br \/>\nSprechen Sie uns an!<\/p>\n<\/div><div class=\"fusion-clearfix\"><\/div><\/div><\/div><div class=\"fusion-layout-column fusion_builder_column fusion-builder-column-3 fusion_builder_column_1_4 1_4 fusion-one-fourth fusion-column-last\" style=\"--awb-bg-size:cover;width:25%;width:calc(25% - ( ( 4% + 4% + 4% ) * 0.25 ) );\"><div class=\"fusion-column-wrapper fusion-flex-column-wrapper-legacy\"><div class=\"fusion-title title fusion-title-4 fusion-sep-none fusion-title-text fusion-title-size-three nohtech3\"><h3 class=\"fusion-title-heading title-heading-left fusion-responsive-typography-calculated\" style=\"margin:0;--fontSize:22;--minFontSize:22;line-height:1.5;\">Entwicklung<\/h3><\/div><div class=\"fusion-image-element in-legacy-container\" style=\"--awb-bottom-shadow-color:rgba(0,0,0,0.4);--awb-caption-title-font-family:var(--h2_typography-font-family);--awb-caption-title-font-weight:var(--h2_typography-font-weight);--awb-caption-title-font-style:var(--h2_typography-font-style);--awb-caption-title-size:var(--h2_typography-font-size);--awb-caption-title-transform:var(--h2_typography-text-transform);--awb-caption-title-line-height:var(--h2_typography-line-height);--awb-caption-title-letter-spacing:var(--h2_typography-letter-spacing);\"><div class=\"awb-image-frame awb-image-frame-4 awb-bottomshadow\"><span class=\" fusion-imageframe imageframe-bottomshadow imageframe-4 hover-type-none\"><img decoding=\"async\" width=\"1687\" height=\"1126\" title=\"examining samples and liquid\" src=\"https:\/\/zyrobond.com\/wp-content\/uploads\/2018\/10\/Fotolia_102634290_cvetkit.jpg\" alt class=\"img-responsive wp-image-1941\" srcset=\"https:\/\/zyrobond.com\/wp-content\/uploads\/2018\/10\/Fotolia_102634290_cvetkit-200x133.jpg 200w, https:\/\/zyrobond.com\/wp-content\/uploads\/2018\/10\/Fotolia_102634290_cvetkit-400x267.jpg 400w, https:\/\/zyrobond.com\/wp-content\/uploads\/2018\/10\/Fotolia_102634290_cvetkit-600x400.jpg 600w, https:\/\/zyrobond.com\/wp-content\/uploads\/2018\/10\/Fotolia_102634290_cvetkit-800x534.jpg 800w, https:\/\/zyrobond.com\/wp-content\/uploads\/2018\/10\/Fotolia_102634290_cvetkit-1200x801.jpg 1200w, https:\/\/zyrobond.com\/wp-content\/uploads\/2018\/10\/Fotolia_102634290_cvetkit.jpg 1687w\" sizes=\"(max-width: 800px) 100vw, 400px\" \/><\/span><svg xmlns=\"http:\/\/www.w3.org\/2000\/svg\" version=\"1.1\" width=\"100%\" viewBox=\"0 0 600 28\" preserveAspectRatio=\"none\"><g clip-path=\"url(#a)\"><mask id=\"b\" style=\"mask-type:luminance\" maskUnits=\"userSpaceOnUse\" x=\"0\" y=\"0\" width=\"600\" height=\"28\"><path d=\"M0 0h600v28H0V0Z\" fill=\"#fff\"\/><\/mask><g filter=\"url(#c)\" mask=\"url(#b)\"><path d=\"M16.439-18.667h567.123v30.8S438.961-8.4 300-8.4C161.04-8.4 16.438 12.133 16.438 12.133v-30.8Z\" fill=\"#000\"\/><\/g><\/g><defs><clipPath id=\"a\"><path fill=\"#fff\" d=\"M0 0h600v28H0z\"\/><\/clipPath><filter id=\"c\" x=\"5.438\" y=\"-29.667\" width=\"589.123\" height=\"52.8\" filterUnits=\"userSpaceOnUse\" color-interpolation-filters=\"sRGB\"><feFlood flood-opacity=\"0\" result=\"BackgroundImageFix\"\/><feBlend in=\"SourceGraphic\" in2=\"BackgroundImageFix\" result=\"shape\"\/><feGaussianBlur stdDeviation=\"5.5\" result=\"effect1_foregroundBlur_3983_183\"\/><\/filter><\/defs><\/svg><\/div><\/div><div class=\"fusion-text fusion-text-4 nohtec-text\" style=\"--awb-text-transform:none;\"><p>Sie interessieren sich f\u00fcr Privat Label und m\u00f6chten Produkte mit Eigenschaften und Verpackung ganz nach Ihren Vorstellungen?<br \/>\nSprechen Sie uns an, wir helfen Ihnen gerne.<\/p>\n<\/div><div class=\"fusion-clearfix\"><\/div><\/div><\/div><\/div><\/div><\/div>\n","protected":false},"excerpt":{"rendered":"","protected":false},"author":1,"featured_media":0,"parent":0,"menu_order":0,"comment_status":"closed","ping_status":"closed","template":"100-width.php","meta":{"footnotes":""},"class_list":["post-8","page","type-page","status-publish","hentry"],"yoast_head":"<!-- This site is optimized with the Yoast SEO Premium plugin v26.7 (Yoast SEO v26.9) - https:\/\/yoast.com\/product\/yoast-seo-premium-wordpress\/ -->\n<title>Startseite - Zyrobond<\/title>\n<meta name=\"robots\" content=\"index, follow, max-snippet:-1, max-image-preview:large, max-video-preview:-1\" \/>\n<link rel=\"canonical\" href=\"https:\/\/zyrobond.com\/de\/\" \/>\n<meta property=\"og:locale\" content=\"de_DE\" \/>\n<meta property=\"og:type\" content=\"article\" \/>\n<meta property=\"og:title\" content=\"Startseite\" \/>\n<meta property=\"og:url\" content=\"https:\/\/zyrobond.com\/de\/\" \/>\n<meta property=\"og:site_name\" content=\"Zyrobond\" \/>\n<meta property=\"article:modified_time\" content=\"2022-06-08T07:02:52+00:00\" \/>\n<meta name=\"twitter:card\" content=\"summary_large_image\" \/>\n<meta name=\"twitter:label1\" content=\"Gesch\u00e4tzte Lesezeit\" \/>\n\t<meta name=\"twitter:data1\" content=\"6\u00a0Minuten\" \/>\n<script type=\"application\/ld+json\" class=\"yoast-schema-graph\">{\"@context\":\"https:\/\/schema.org\",\"@graph\":[{\"@type\":\"WebPage\",\"@id\":\"https:\/\/zyrobond.com\/de\/\",\"url\":\"https:\/\/zyrobond.com\/de\/\",\"name\":\"Startseite - Zyrobond\",\"isPartOf\":{\"@id\":\"https:\/\/zyrobond.com\/de\/#website\"},\"datePublished\":\"2018-08-27T09:21:43+00:00\",\"dateModified\":\"2022-06-08T07:02:52+00:00\",\"breadcrumb\":{\"@id\":\"https:\/\/zyrobond.com\/de\/#breadcrumb\"},\"inLanguage\":\"de\",\"potentialAction\":[{\"@type\":\"ReadAction\",\"target\":[\"https:\/\/zyrobond.com\/de\/\"]}]},{\"@type\":\"BreadcrumbList\",\"@id\":\"https:\/\/zyrobond.com\/de\/#breadcrumb\",\"itemListElement\":[{\"@type\":\"ListItem\",\"position\":1,\"name\":\"Startseite\",\"item\":\"https:\/\/zyrobond.com\/de\/\"},{\"@type\":\"ListItem\",\"position\":2,\"name\":\"Startseite\"}]},{\"@type\":\"WebSite\",\"@id\":\"https:\/\/zyrobond.com\/de\/#website\",\"url\":\"https:\/\/zyrobond.com\/de\/\",\"name\":\"Zyrobond\",\"description\":\"HIGH PERFORMANCE INDUSTRIAL PRODUCTS\",\"potentialAction\":[{\"@type\":\"SearchAction\",\"target\":{\"@type\":\"EntryPoint\",\"urlTemplate\":\"https:\/\/zyrobond.com\/de\/?s={search_term_string}\"},\"query-input\":{\"@type\":\"PropertyValueSpecification\",\"valueRequired\":true,\"valueName\":\"search_term_string\"}}],\"inLanguage\":\"de\"}]}<\/script>\n<!-- \/ Yoast SEO Premium plugin. -->","yoast_head_json":{"title":"Startseite - Zyrobond","robots":{"index":"index","follow":"follow","max-snippet":"max-snippet:-1","max-image-preview":"max-image-preview:large","max-video-preview":"max-video-preview:-1"},"canonical":"https:\/\/zyrobond.com\/de\/","og_locale":"de_DE","og_type":"article","og_title":"Startseite","og_url":"https:\/\/zyrobond.com\/de\/","og_site_name":"Zyrobond","article_modified_time":"2022-06-08T07:02:52+00:00","twitter_card":"summary_large_image","twitter_misc":{"Gesch\u00e4tzte Lesezeit":"6\u00a0Minuten"},"schema":{"@context":"https:\/\/schema.org","@graph":[{"@type":"WebPage","@id":"https:\/\/zyrobond.com\/de\/","url":"https:\/\/zyrobond.com\/de\/","name":"Startseite - Zyrobond","isPartOf":{"@id":"https:\/\/zyrobond.com\/de\/#website"},"datePublished":"2018-08-27T09:21:43+00:00","dateModified":"2022-06-08T07:02:52+00:00","breadcrumb":{"@id":"https:\/\/zyrobond.com\/de\/#breadcrumb"},"inLanguage":"de","potentialAction":[{"@type":"ReadAction","target":["https:\/\/zyrobond.com\/de\/"]}]},{"@type":"BreadcrumbList","@id":"https:\/\/zyrobond.com\/de\/#breadcrumb","itemListElement":[{"@type":"ListItem","position":1,"name":"Startseite","item":"https:\/\/zyrobond.com\/de\/"},{"@type":"ListItem","position":2,"name":"Startseite"}]},{"@type":"WebSite","@id":"https:\/\/zyrobond.com\/de\/#website","url":"https:\/\/zyrobond.com\/de\/","name":"Zyrobond","description":"HIGH PERFORMANCE INDUSTRIAL PRODUCTS","potentialAction":[{"@type":"SearchAction","target":{"@type":"EntryPoint","urlTemplate":"https:\/\/zyrobond.com\/de\/?s={search_term_string}"},"query-input":{"@type":"PropertyValueSpecification","valueRequired":true,"valueName":"search_term_string"}}],"inLanguage":"de"}]}},"_links":{"self":[{"href":"https:\/\/zyrobond.com\/de\/wp-json\/wp\/v2\/pages\/8","targetHints":{"allow":["GET"]}}],"collection":[{"href":"https:\/\/zyrobond.com\/de\/wp-json\/wp\/v2\/pages"}],"about":[{"href":"https:\/\/zyrobond.com\/de\/wp-json\/wp\/v2\/types\/page"}],"author":[{"embeddable":true,"href":"https:\/\/zyrobond.com\/de\/wp-json\/wp\/v2\/users\/1"}],"replies":[{"embeddable":true,"href":"https:\/\/zyrobond.com\/de\/wp-json\/wp\/v2\/comments?post=8"}],"version-history":[{"count":2,"href":"https:\/\/zyrobond.com\/de\/wp-json\/wp\/v2\/pages\/8\/revisions"}],"predecessor-version":[{"id":4896,"href":"https:\/\/zyrobond.com\/de\/wp-json\/wp\/v2\/pages\/8\/revisions\/4896"}],"wp:attachment":[{"href":"https:\/\/zyrobond.com\/de\/wp-json\/wp\/v2\/media?parent=8"}],"curies":[{"name":"wp","href":"https:\/\/api.w.org\/{rel}","templated":true}]}}